{"id":15,"date":"2017-01-14T04:46:47","date_gmt":"2017-01-14T04:46:47","guid":{"rendered":"http:\/\/www.spanishcourses.com.ar\/sitio\/?page_id=15"},"modified":"2026-01-24T15:39:43","modified_gmt":"2026-01-24T15:39:43","slug":"espanol-en-argentina","status":"publish","type":"page","link":"https:\/\/www.spanishcourses.com.ar\/sitio\/es\/espanol-en-argentina\/","title":{"rendered":"Espa\u00f1ol en Argentina"},"content":{"rendered":"<h1><span style=\"font-size: 18pt; font-family: georgia, palatino, serif;\">Aprend\u00e9 espa\u00f1ol en Mendoza y descubr\u00ed Argentina!<\/span><\/h1>\n<div class=\"group\/conversation-turn relative flex w-full min-w-0 flex-col agent-turn\">\n<div class=\"flex-col gap-1 md:gap-3\">\n<div class=\"flex max-w-full flex-col flex-grow\">\n<div class=\"min-h-[20px] text-message flex w-full flex-col items-end gap-2 whitespace-normal break-words [.text-message+&amp;]:mt-5\" dir=\"auto\" data-message-author-role=\"assistant\" data-message-id=\"445fd6ae-42a1-419a-9fed-7086cf5ec0ef\">\n<div class=\"flex w-full flex-col gap-1 empty:hidden first:pt-[3px]\">\n<h3 class=\"markdown prose w-full break-words dark:prose-invert light\"><span style=\"font-size: 14pt;\"><span style=\"font-family: georgia, palatino, serif;\">\u00a1Bienvenido a tu pr\u00f3xima gran aventura! <\/span><\/span><\/h3>\n<div class=\"markdown prose w-full break-words dark:prose-invert light\">\n<p><span style=\"font-size: 14pt;\"><span style=\"font-family: georgia, palatino, serif;\">En nuestra escuela de espa\u00f1ol en la ciudad de Mendoza, te invitamos a vivir una experiencia \u00fanica, donde aprender el idioma se convierte en un viaje emocionante, personalizado y lleno de descubrimientos.<\/span><\/span><\/p>\n<\/div>\n<div class=\"markdown prose w-full break-words dark:prose-invert light\"><span style=\"font-size: 14pt;\"><span style=\"font-family: georgia, palatino, serif;\">Contamos con un equipo de profesores apasionados y con amplia experiencia, comprometidos con tu progreso. Nuestras clases est\u00e1n pensadas especialmente para vos, adapt\u00e1ndose a tu ritmo y tus objetivos, ya sea en modalidad individual o grupal.<\/span><\/span><\/div>\n<div><\/div>\n<div class=\"markdown prose w-full break-words dark:prose-invert light\"><span style=\"font-size: 14pt;\"><span style=\"font-family: georgia, palatino, serif;\">En nuestra escuela, entendemos que aprender una lengua va m\u00e1s all\u00e1 de las aulas. Por eso, ofrecemos actividades tur\u00edsticas y culturales para que puedas aprender o mejorar tu espa\u00f1ol.<\/span><\/span><\/div>\n<div><\/div>\n<div class=\"markdown prose w-full break-words dark:prose-invert light\"><span style=\"font-size: 14pt;\"><span style=\"font-family: georgia, palatino, serif;\">Ya sea que est\u00e9s viajando, viviendo en Mendoza o buscando una inmersi\u00f3n aut\u00e9ntica en el idioma, estamos ac\u00e1 para acompa\u00f1arte en cada paso.<br \/>\n\u00a1Te esperamos para descubrir Argentina aprendiendo espa\u00f1ol!<\/span><\/span><\/div>\n<h5><\/h5>\n<h5 class=\"markdown prose w-full break-words dark:prose-invert light\"><span style=\"font-family: georgia, palatino, serif; font-size: 14pt;\">CLASES PRIVADAS<\/span><\/h5>\n<\/div>\n<\/div>\n<\/div>\n<\/div>\n<\/div>\n<p><span style=\"font-family: georgia, palatino, serif; font-size: 14pt;\">El profesor se adapta 100 % a tu ritmo en un entorno din\u00e1mico e interactivo. Pod\u00e9s personalizar el contenido seg\u00fan tus intereses y objetivos.<\/span><\/p>\n<h5><span style=\"font-family: georgia, palatino, serif; font-size: 14pt;\">CLASES GRUPALES<\/span><\/h5>\n<p><span style=\"font-family: georgia, palatino, serif; font-size: 14pt;\">Grupos reducidos que te permiten compartir experiencias, formar lazos y aprender en un ambiente colaborativo y motivador.<\/span><\/p>\n<h5><span style=\"font-family: georgia, palatino, serif; font-size: 14pt;\">PROGRAMAS ESPECIALES<\/span><\/h5>\n<p><span style=\"font-family: georgia, palatino, serif; font-size: 14pt;\">Dise\u00f1amos propuestas a medida seg\u00fan tus necesidades: espa\u00f1ol para viajeros, acad\u00e9micos, profesionales o simplemente por amor al idioma.<\/span><\/p>\n<div class=\"flex-shrink-0 flex flex-col relative items-end\">\n<div>\n<div class=\"pt-0\">\n<div class=\"gizmo-bot-avatar flex h-8 w-8 items-center justify-center overflow-hidden rounded-full\">\n<div class=\"relative p-1 rounded-sm flex items-center justify-center bg-token-main-surface-primary text-token-text-primary h-8 w-8\"><\/div>\n<\/div>\n<\/div>\n<\/div>\n<\/div>\n<div class=\"group\/conversation-turn relative flex w-full min-w-0 flex-col agent-turn\">\n<div class=\"flex-col gap-1 md:gap-3\">\n<div class=\"flex max-w-full flex-col flex-grow\">\n<div class=\"min-h-8 text-message flex w-full flex-col items-end gap-2 whitespace-normal break-words [.text-message+&amp;]:mt-5\" dir=\"auto\" data-message-author-role=\"assistant\" data-message-id=\"d95d56db-f10b-4e55-acc3-5c4c0dd39636\" data-message-model-slug=\"gpt-4o\">\n<div class=\"flex w-full flex-col gap-1 empty:hidden first:pt-[3px]\">\n<div class=\"markdown prose w-full break-words dark:prose-invert light\">\n<h4><strong><span style=\"font-size: 14pt;\">Ofrecemos clases para todos los niveles del Marco Com\u00fan Europeo:<\/span><\/strong><\/h4>\n<p>\ud83d\udfe2 Principiante: A1 &#8211; A2<\/p>\n<p>\ud83d\udfe1 Intermedio: B1 &#8211; B2<\/p>\n<p>\ud83d\udd35 Avanzado: C1 &#8211; C2<\/p>\n<\/div>\n<\/div>\n<\/div>\n<\/div>\n<\/div>\n<\/div>\n<p>&nbsp;<\/p>\n<p><strong><span style=\"font-family: georgia, palatino, serif; font-size: 14pt;\">M\u00e1s info:<\/span><\/strong><\/p>\n<p><strong><span style=\"font-family: georgia, palatino, serif; font-size: 14pt;\"><a href=\"https:\/\/www.spanishcourses.com.ar\/sitio\/espanol-en-argentina\/mendoza\/\">ESCUELA DE ESPA\u00d1OL EN MENDOZA<\/a><\/span><\/strong><\/p>\n<p><strong><span style=\"font-family: georgia, palatino, serif; font-size: 14pt;\"><a href=\"https:\/\/www.spanishcourses.com.ar\/sitio\/es\/espanol-en-argentina\/buenos-aires\/\">ESCUELA DE ESPA\u00d1OL EN BUENOS AIRES<\/a><\/span><\/strong><\/p>\n<p><strong><span style=\"font-family: georgia, palatino, serif; font-size: 14pt;\"><a href=\"https:\/\/www.spanishcourses.com.ar\/sitio\/es\/bariloche\/\">ESCUELA DE ESPA\u00d1OL EN BARILOCHE<\/a><\/span><\/strong><\/p>\n<p><strong><span style=\"font-family: georgia, palatino, serif; font-size: 14pt;\"><a href=\"https:\/\/www.spanishcourses.com.ar\/sitio\/es\/espanol-en-argentina\/mas-destinos\/\">M\u00c1S DESTINOS<\/a><\/span><\/strong><\/p>\n","protected":false},"excerpt":{"rendered":"<p>Aprend\u00e9 espa\u00f1ol en Mendoza y descubr\u00ed Argentina! \u00a1Bienvenido a tu pr\u00f3xima gran aventura! En nuestra escuela de espa\u00f1ol en la ciudad de Mendoza, te invitamos a vivir una experiencia \u00fanica, donde aprender el idioma se convierte en un viaje emocionante, personalizado y lleno de descubrimientos. Contamos con un equipo de profesores apasionados y con amplia<\/p>\n","protected":false},"author":1,"featured_media":410,"parent":0,"menu_order":0,"comment_status":"closed","ping_status":"closed","template":"","meta":{"footnotes":""},"class_list":["post-15","page","type-page","status-publish","has-post-thumbnail","hentry"],"_links":{"self":[{"href":"https:\/\/www.spanishcourses.com.ar\/sitio\/wp-json\/wp\/v2\/pages\/15","targetHints":{"allow":["GET"]}}],"collection":[{"href":"https:\/\/www.spanishcourses.com.ar\/sitio\/wp-json\/wp\/v2\/pages"}],"about":[{"href":"https:\/\/www.spanishcourses.com.ar\/sitio\/wp-json\/wp\/v2\/types\/page"}],"author":[{"embeddable":true,"href":"https:\/\/www.spanishcourses.com.ar\/sitio\/wp-json\/wp\/v2\/users\/1"}],"replies":[{"embeddable":true,"href":"https:\/\/www.spanishcourses.com.ar\/sitio\/wp-json\/wp\/v2\/comments?post=15"}],"version-history":[{"count":57,"href":"https:\/\/www.spanishcourses.com.ar\/sitio\/wp-json\/wp\/v2\/pages\/15\/revisions"}],"predecessor-version":[{"id":988,"href":"https:\/\/www.spanishcourses.com.ar\/sitio\/wp-json\/wp\/v2\/pages\/15\/revisions\/988"}],"wp:featuredmedia":[{"embeddable":true,"href":"https:\/\/www.spanishcourses.com.ar\/sitio\/wp-json\/wp\/v2\/media\/410"}],"wp:attachment":[{"href":"https:\/\/www.spanishcourses.com.ar\/sitio\/wp-json\/wp\/v2\/media?parent=15"}],"curies":[{"name":"wp","href":"https:\/\/api.w.org\/{rel}","templated":true}]}}