{"id":166,"date":"2017-02-22T20:24:02","date_gmt":"2017-02-22T20:24:02","guid":{"rendered":"http:\/\/www.spanishcourses.com.ar\/sitio\/?page_id=166"},"modified":"2026-02-20T21:08:04","modified_gmt":"2026-02-20T21:08:04","slug":"mas-destinos","status":"publish","type":"page","link":"https:\/\/www.spanishcourses.com.ar\/sitio\/es\/espanol-en-argentina\/mas-destinos\/","title":{"rendered":"M\u00e1s destinos"},"content":{"rendered":"\r\n<p><span style=\"font-size: 12pt;\">Descubr\u00ed nuestras escuelas asociadas en dos destinos \u00fanicos de Argentina: Salta y Neuqu\u00e9n. En cada sede ofrecemos una experiencia de aprendizaje adaptada a tus necesidades. Nuestras escuelas asociadas brindan cursos durante todo el a\u00f1o y para todos los niveles, garantizando que cada estudiante progrese a su propio ritmo. \u00a1Te esperamos para acompa\u00f1arte en esta nueva aventura educativa en Argentina!<\/span><\/p>\r\n\r\n<h2 class=\"wp-block-heading\"><span style=\"font-size: 18pt;\"><strong>Espa\u00f1ol en Salta<\/strong><\/span><\/h2>\r\n<p><span style=\"font-size: 12pt;\">Las clases de espa\u00f1ol est\u00e1n dise\u00f1adas desde una perspectiva integral, donde el aprendizaje del idioma se complementa de manera natural con la exploraci\u00f3n cultural. Los cursos y materiales de estudio son personalizados para asegurar que cada estudiante viva una experiencia de aprendizaje significativa y verdaderamente \u00fanica.<\/span><\/p>\r\n\r\n<h3><span style=\"font-size: 14pt;\">Programas<\/span><\/h3>\r\n\r\n<h4><span style=\"font-size: 12pt;\">Cursos Intensivos<\/span><\/h4>\r\n<p><span style=\"font-size: 12pt;\">Programas estructurados dise\u00f1ados para lograr un progreso r\u00e1pido mientras los estudiantes se sumergen completamente en la cultura local.<\/span><\/p>\r\n\r\n<h4><span style=\"font-size: 12pt;\">Cursos Especiales<\/span><\/h4>\r\n<p><span style=\"font-size: 12pt;\">Programas personalizados enfocados en intereses espec\u00edficos, que combinan el estudio del idioma con experiencias culturales y tem\u00e1ticas.<\/span><\/p>\r\n\r\n<h2><span style=\"font-size: 18pt;\"><strong>Espa\u00f1ol en Neuqu\u00e9n<\/strong><\/span><\/h2>\r\n<p><span style=\"font-size: 12pt;\">Nuestra escuela asociada en Neuqu\u00e9n ofrece atenci\u00f3n personalizada para estudiantes que buscan una experiencia de aprendizaje \u00fanica e inmersiva. Ubicada en el coraz\u00f3n de la Patagonia, Neuqu\u00e9n es una ciudad tranquila rodeada de r\u00edos y paisajes naturales, ideal para combinar el estudio del espa\u00f1ol con la exploraci\u00f3n al aire libre.<\/span><\/p>\r\n\r\n<p><span style=\"font-size: 12pt;\">La escuela ofrece clases en grupos reducidos y clases individuales, adaptando cada programa al nivel y los objetivos del estudiante. Los cursos est\u00e1n disponibles durante todo el a\u00f1o y para todos los niveles, brindando flexibilidad y continuidad en el aprendizaje.<\/span><\/p>\r\n\r\n<h3><span style=\"font-size: 14pt;\">Programas en Neuqu\u00e9n<\/span><\/h3>\r\n\r\n<h4><span style=\"font-size: 12pt;\">Cursos Regulares e Intensivos<\/span><\/h4>\r\n<p><span style=\"font-size: 12pt;\">Programas estructurados dise\u00f1ados para fortalecer todas las habilidades ling\u00fc\u00edsticas, fomentando la comunicaci\u00f3n activa desde el primer d\u00eda. Disponibles para todos los niveles durante todo el a\u00f1o.<\/span><\/p>\r\n\r\n<h4><span style=\"font-size: 12pt;\">Espa\u00f1ol y Paisajes Sudamericanos<\/span><\/h4>\r\n<p><span style=\"font-size: 12pt;\">Un programa \u00fanico que combina el aprendizaje del espa\u00f1ol con la exploraci\u00f3n cultural y regional. Super\u00e1 el espa\u00f1ol de supervivencia y profundiz\u00e1 en la identidad, geograf\u00eda y tradiciones de Sudam\u00e9rica.<\/span><\/p>\r\n\r\n<p>&nbsp;<\/p>\r\n","protected":false},"excerpt":{"rendered":"<p>Descubr\u00ed nuestras escuelas asociadas en dos destinos \u00fanicos de Argentina: Salta y Neuqu\u00e9n. En cada sede ofrecemos una experiencia de aprendizaje adaptada a tus necesidades. Nuestras escuelas asociadas brindan cursos durante todo el a\u00f1o y para todos los niveles, garantizando que cada estudiante progrese a su propio ritmo. \u00a1Te esperamos para acompa\u00f1arte en esta nueva<\/p>\n","protected":false},"author":1,"featured_media":160,"parent":15,"menu_order":5,"comment_status":"closed","ping_status":"closed","template":"full-width.php","meta":{"footnotes":""},"class_list":["post-166","page","type-page","status-publish","has-post-thumbnail","hentry"],"_links":{"self":[{"href":"https:\/\/www.spanishcourses.com.ar\/sitio\/wp-json\/wp\/v2\/pages\/166","targetHints":{"allow":["GET"]}}],"collection":[{"href":"https:\/\/www.spanishcourses.com.ar\/sitio\/wp-json\/wp\/v2\/pages"}],"about":[{"href":"https:\/\/www.spanishcourses.com.ar\/sitio\/wp-json\/wp\/v2\/types\/page"}],"author":[{"embeddable":true,"href":"https:\/\/www.spanishcourses.com.ar\/sitio\/wp-json\/wp\/v2\/users\/1"}],"replies":[{"embeddable":true,"href":"https:\/\/www.spanishcourses.com.ar\/sitio\/wp-json\/wp\/v2\/comments?post=166"}],"version-history":[{"count":39,"href":"https:\/\/www.spanishcourses.com.ar\/sitio\/wp-json\/wp\/v2\/pages\/166\/revisions"}],"predecessor-version":[{"id":1051,"href":"https:\/\/www.spanishcourses.com.ar\/sitio\/wp-json\/wp\/v2\/pages\/166\/revisions\/1051"}],"up":[{"embeddable":true,"href":"https:\/\/www.spanishcourses.com.ar\/sitio\/wp-json\/wp\/v2\/pages\/15"}],"wp:featuredmedia":[{"embeddable":true,"href":"https:\/\/www.spanishcourses.com.ar\/sitio\/wp-json\/wp\/v2\/media\/160"}],"wp:attachment":[{"href":"https:\/\/www.spanishcourses.com.ar\/sitio\/wp-json\/wp\/v2\/media?parent=166"}],"curies":[{"name":"wp","href":"https:\/\/api.w.org\/{rel}","templated":true}]}}