{"id":41,"date":"2017-03-03T01:17:38","date_gmt":"2017-03-03T01:17:38","guid":{"rendered":"http:\/\/www.spanishcourses.com.ar\/sitio\/?page_id=41"},"modified":"2026-02-20T20:41:02","modified_gmt":"2026-02-20T20:41:02","slug":"buenos-aires","status":"publish","type":"page","link":"https:\/\/www.spanishcourses.com.ar\/sitio\/es\/espanol-en-argentina\/buenos-aires\/","title":{"rendered":"Buenos Aires"},"content":{"rendered":"<h2><span style=\"font-size: 18pt;\">Buenos Aires<\/span><\/h2>\n<p><span style=\"font-size: 12pt;\">La capital argentina es una de las ciudades m\u00e1s reconocidas de Am\u00e9rica Latina, conocida como la cuna del tango y distinguida por su cultura popular \u00fanica, su vibrante pasi\u00f3n por el f\u00fatbol y sus tradicionales \u00abmilongas\u00bb. Comenz\u00e1 tu recorrido por Argentina en esta ciudad cosmopolita a orillas del R\u00edo de la Plata y luego viaj\u00e1 a cada rinc\u00f3n del pa\u00eds para descubrir sus encantos \u00fanicos.<br \/>\n<\/span><\/p>\n<p><span style=\"font-size: 12pt;\">Aprend\u00e9 espa\u00f1ol de manera efectiva y exitosa mientras disfrut\u00e1s de la cultura, el tiempo libre, el pa\u00eds y su gente. Nuestro equipo de profesores altamente calificados, con a\u00f1os de experiencia en la ense\u00f1anza del espa\u00f1ol, dicta clases con dedicaci\u00f3n, paciencia y gran entusiasmo.<br \/>\n<\/span><\/p>\n<p><span style=\"font-size: 12pt;\">En nuestra escuela asociada en Buenos Aires ofrecemos cursos intensivos, cursos semi intensivo y clases privadas. Tambi\u00e9n contamos con programas especiales para ni\u00f1os y adolescentes, as\u00ed como cursos de preparaci\u00f3n para ex\u00e1menes internacionales y otros programas especializados.<br \/>\n<\/span><\/p>\n<h3><span style=\"font-size: 14pt;\">Programas en Buenos Aires<\/span><\/h3>\n<h4><span style=\"font-size: 12pt;\">Clases Individuales<\/span><\/h4>\n<p><span style=\"font-size: 12pt;\">El profesor puede adaptar las clases a tu horario y ritmo de aprendizaje en un entorno interactivo. Pod\u00e9s elegir la frecuencia y los horarios para alcanzar los resultados que busc\u00e1s.<br \/>\n<\/span><\/p>\n<h4><span style=\"font-size: 12pt;\">Curso Semi-Intensivo<\/span><\/h4>\n<p><span style=\"font-size: 12pt;\">10 horas por semana<br \/>\n<\/span><\/p>\n<h4><span style=\"font-size: 12pt;\">Curso Intensivo<\/span><\/h4>\n<p><span style=\"font-size: 12pt;\">20 horas por semana<br \/>\n<\/span><\/p>\n","protected":false},"excerpt":{"rendered":"<p>Buenos Aires La capital argentina es una de las ciudades m\u00e1s reconocidas de Am\u00e9rica Latina, conocida como la cuna del tango y distinguida por su cultura popular \u00fanica, su vibrante pasi\u00f3n por el f\u00fatbol y sus tradicionales \u00abmilongas\u00bb. Comenz\u00e1 tu recorrido por Argentina en esta ciudad cosmopolita a orillas del R\u00edo de la Plata y<\/p>\n","protected":false},"author":1,"featured_media":85,"parent":15,"menu_order":1,"comment_status":"closed","ping_status":"closed","template":"full-width.php","meta":{"footnotes":""},"class_list":["post-41","page","type-page","status-publish","has-post-thumbnail","hentry"],"_links":{"self":[{"href":"https:\/\/www.spanishcourses.com.ar\/sitio\/wp-json\/wp\/v2\/pages\/41","targetHints":{"allow":["GET"]}}],"collection":[{"href":"https:\/\/www.spanishcourses.com.ar\/sitio\/wp-json\/wp\/v2\/pages"}],"about":[{"href":"https:\/\/www.spanishcourses.com.ar\/sitio\/wp-json\/wp\/v2\/types\/page"}],"author":[{"embeddable":true,"href":"https:\/\/www.spanishcourses.com.ar\/sitio\/wp-json\/wp\/v2\/users\/1"}],"replies":[{"embeddable":true,"href":"https:\/\/www.spanishcourses.com.ar\/sitio\/wp-json\/wp\/v2\/comments?post=41"}],"version-history":[{"count":23,"href":"https:\/\/www.spanishcourses.com.ar\/sitio\/wp-json\/wp\/v2\/pages\/41\/revisions"}],"predecessor-version":[{"id":1046,"href":"https:\/\/www.spanishcourses.com.ar\/sitio\/wp-json\/wp\/v2\/pages\/41\/revisions\/1046"}],"up":[{"embeddable":true,"href":"https:\/\/www.spanishcourses.com.ar\/sitio\/wp-json\/wp\/v2\/pages\/15"}],"wp:featuredmedia":[{"embeddable":true,"href":"https:\/\/www.spanishcourses.com.ar\/sitio\/wp-json\/wp\/v2\/media\/85"}],"wp:attachment":[{"href":"https:\/\/www.spanishcourses.com.ar\/sitio\/wp-json\/wp\/v2\/media?parent=41"}],"curies":[{"name":"wp","href":"https:\/\/api.w.org\/{rel}","templated":true}]}}