{"id":544,"date":"2024-09-11T15:55:46","date_gmt":"2024-09-11T15:55:46","guid":{"rendered":"https:\/\/www.spanishcourses.com.ar\/sitio\/?page_id=544"},"modified":"2026-02-20T20:54:28","modified_gmt":"2026-02-20T20:54:28","slug":"bariloche","status":"publish","type":"page","link":"https:\/\/www.spanishcourses.com.ar\/sitio\/es\/bariloche\/","title":{"rendered":"Bariloche"},"content":{"rendered":"<h2><span style=\"font-size: 18pt;\">Bariloche<\/span><\/h2>\n<p><span style=\"font-size: 12pt;\"> San Carlos de Bariloche es una encantadora ciudad ubicada en el noroeste de la Patagonia, a orillas del lago Nahuel Huapi y rodeada por la Cordillera de los Andes. A 800 metros sobre el nivel del mar, ofrece un paisaje \u00fanico donde los bosques h\u00famedos se encuentran con la estepa patag\u00f3nica. Bien conectada por v\u00eda a\u00e9rea y terrestre con las principales ciudades de Argentina y Chile, Bariloche es el destino ideal para combinar el aprendizaje del espa\u00f1ol con naturaleza y aventura. <\/span><\/p>\n<p><span style=\"font-size: 12pt;\"> Gracias a su eficiente sistema de transporte p\u00fablico, los estudiantes pueden explorar f\u00e1cilmente la regi\u00f3n y disfrutar de vistas impresionantes, actividades al aire libre y la vibrante cultura de la Patagonia andina. <\/span><\/p>\n<h3><span style=\"font-size: 14pt;\">Nuestra Escuela Asociada en Bariloche<\/span><\/h3>\n<p><span style=\"font-size: 12pt;\"> Est\u00e1 dise\u00f1ada para ofrecer un ambiente de aprendizaje c\u00f3modo y relajado. Ubicada en una zona tranquila, a solo cinco minutos del centro, cuenta con vistas incre\u00edbles al Cerro Otto y al lago Nahuel Huapi directamente desde el aula. <\/span><\/p>\n<p><span style=\"font-size: 12pt;\"> Rodeada de hostels, supermercados, caf\u00e9s, cervecer\u00edas, restaurantes y paradas de colectivo, todo lo que necesit\u00e1s est\u00e1 a pocos pasos. Creamos un entorno c\u00e1lido y amigable para que los estudiantes se sientan como en casa mientras viven una nueva experiencia cultural. <\/span><\/p>\n<h3><span style=\"font-size: 14pt;\">Programas en Bariloche<\/span><\/h3>\n<h4><span style=\"font-size: 12pt;\">Cursos Grupales<\/span><\/h4>\n<p><span style=\"font-size: 12pt;\"> Inicio todos los lunes \u2013 Todo el a\u00f1o<br \/>Lunes a viernes, 9:00 a 13:00<br \/>20 horas por semana \u2013 Grupos reducidos (m\u00e1x. 5 estudiantes)<br \/>Todos los niveles <\/span><\/p>\n<h4><span style=\"font-size: 12pt;\">Clases Privadas y Semi-Privadas<\/span><\/h4>\n<p><span style=\"font-size: 12pt;\"> Horarios flexibles \u2013 Inicio cualquier d\u00eda de la semana<br \/>Modalidad Standard (20 h\/semana) o Light (10 h\/semana)<br \/>Enfoque personalizado seg\u00fan las necesidades del estudiante<br \/>Todos los niveles <\/span><\/p>\n<h4><span style=\"font-size: 12pt;\">Programas Especiales<\/span><\/h4>\n<p><span style=\"font-size: 12pt;\"> Curso Superintensivo (30 h\/semana: grupal + privado)<br \/>Espa\u00f1ol 3 D\u00edas (modalidad part-time)<br \/>Espa\u00f1ol de Supervivencia para viajeros<br \/>Espa\u00f1ol por un D\u00eda (a demanda)<br \/>Todos los niveles <\/span><\/p>\n","protected":false},"excerpt":{"rendered":"<p>Bariloche San Carlos de Bariloche es una encantadora ciudad ubicada en el noroeste de la Patagonia, a orillas del lago Nahuel Huapi y rodeada por la Cordillera de los Andes. A 800 metros sobre el nivel del mar, ofrece un paisaje \u00fanico donde los bosques h\u00famedos se encuentran con la estepa patag\u00f3nica. Bien conectada por<\/p>\n","protected":false},"author":1,"featured_media":890,"parent":0,"menu_order":0,"comment_status":"closed","ping_status":"closed","template":"","meta":{"footnotes":""},"class_list":["post-544","page","type-page","status-publish","has-post-thumbnail","hentry"],"_links":{"self":[{"href":"https:\/\/www.spanishcourses.com.ar\/sitio\/wp-json\/wp\/v2\/pages\/544","targetHints":{"allow":["GET"]}}],"collection":[{"href":"https:\/\/www.spanishcourses.com.ar\/sitio\/wp-json\/wp\/v2\/pages"}],"about":[{"href":"https:\/\/www.spanishcourses.com.ar\/sitio\/wp-json\/wp\/v2\/types\/page"}],"author":[{"embeddable":true,"href":"https:\/\/www.spanishcourses.com.ar\/sitio\/wp-json\/wp\/v2\/users\/1"}],"replies":[{"embeddable":true,"href":"https:\/\/www.spanishcourses.com.ar\/sitio\/wp-json\/wp\/v2\/comments?post=544"}],"version-history":[{"count":13,"href":"https:\/\/www.spanishcourses.com.ar\/sitio\/wp-json\/wp\/v2\/pages\/544\/revisions"}],"predecessor-version":[{"id":1048,"href":"https:\/\/www.spanishcourses.com.ar\/sitio\/wp-json\/wp\/v2\/pages\/544\/revisions\/1048"}],"wp:featuredmedia":[{"embeddable":true,"href":"https:\/\/www.spanishcourses.com.ar\/sitio\/wp-json\/wp\/v2\/media\/890"}],"wp:attachment":[{"href":"https:\/\/www.spanishcourses.com.ar\/sitio\/wp-json\/wp\/v2\/media?parent=544"}],"curies":[{"name":"wp","href":"https:\/\/api.w.org\/{rel}","templated":true}]}}