{"id":969,"date":"2025-07-29T15:46:04","date_gmt":"2025-07-29T15:46:04","guid":{"rendered":"https:\/\/www.spanishcourses.com.ar\/sitio\/?page_id=969"},"modified":"2026-01-25T16:22:03","modified_gmt":"2026-01-25T16:22:03","slug":"spidiomas-mendoza","status":"publish","type":"page","link":"https:\/\/www.spanishcourses.com.ar\/sitio\/es\/spidiomas-mendoza\/","title":{"rendered":"+ Idiomas"},"content":{"rendered":"<h1><span style=\"font-family: georgia, palatino, serif; font-size: 18pt; color: #333333;\">SP Idiomas Mendoza<br \/>\n<\/span><\/h1>\n<h2><span style=\"font-family: georgia, palatino, serif; font-size: 18pt; color: #333333;\">Cursos de Lenguas Extranjeras<\/span><\/h2>\n<p style=\"font-size: 14pt; font-family: georgia, palatino, serif;\">Aprend\u00e9 una nueva lengua con clases din\u00e1micas, grupos reducidos y un enfoque comunicativo. Nuestros cursos est\u00e1n dise\u00f1ados para que disfrutes del proceso de aprendizaje en un ambiente c\u00e1lido.<\/p>\n<ul style=\"font-size: 14pt; font-family: georgia, palatino, serif; list-style: disc; padding-left: 1.5em;\">\n<li>Cursos bimestrales<\/li>\n<li>1 pago \u00fanico de inscripci\u00f3n + material<\/li>\n<li>Pago de cuota mensual<\/li>\n<li>1 clase semanal presencial de 3 hs<\/li>\n<li>Actividades complementarias online<\/li>\n<\/ul>\n<h3 style=\"font-family: georgia, palatino, serif; font-size: 14pt; color: #333333;\">\ud83c\udde9\ud83c\uddea Alem\u00e1n<\/h3>\n<h3 style=\"font-family: georgia, palatino, serif; font-size: 14pt; color: #333333;\">\ud83c\udde7\ud83c\uddf7 Portugu\u00e9s<\/h3>\n<h3 style=\"font-family: georgia, palatino, serif; font-size: 14pt; color: #333333;\">\ud83c\uddee\ud83c\uddf9 Italiano<\/h3>\n<p><span style=\"font-size: 14pt;\">WhatsApp: <a href=\"https:\/\/wa.me\/5492612542544\" target=\"_blank\" rel=\"noopener\">+549 261 2542 544<\/a><\/span><\/p>\n<p>&nbsp;<\/p>\n<h1><span style=\"font-size: 18pt;\">Servicio de Traducciones<\/span><\/h1>\n<h2><span style=\"font-size: 18pt;\">Espa\u00f1ol &gt; Alem\u00e1n \/ Alem\u00e1n &gt; Espa\u00f1ol<\/span><\/h2>\n<p><span style=\"font-size: 14pt;\">Traducciones con firma digital para toda Argentina<\/span><\/p>\n<p><span style=\"font-size: 14pt;\"><a href=\"https:\/\/wa.me\/5492615360221\">+549 261 5360 221<\/a><\/span><\/p>\n<p><span style=\"font-size: 14pt;\">A cargo de <a href=\"https:\/\/isenrath.com.ar\/\" target=\"_blank\" rel=\"noopener\">Isenrath.com.ar<\/a><\/span><\/p>\n","protected":false},"excerpt":{"rendered":"<p>SP Idiomas Mendoza Cursos de Lenguas Extranjeras Aprend\u00e9 una nueva lengua con clases din\u00e1micas, grupos reducidos y un enfoque comunicativo. Nuestros cursos est\u00e1n dise\u00f1ados para que disfrutes del proceso de aprendizaje en un ambiente c\u00e1lido. Cursos bimestrales 1 pago \u00fanico de inscripci\u00f3n + material Pago de cuota mensual 1 clase semanal presencial de 3 hs<\/p>\n","protected":false},"author":1,"featured_media":0,"parent":0,"menu_order":0,"comment_status":"closed","ping_status":"closed","template":"","meta":{"footnotes":""},"class_list":["post-969","page","type-page","status-publish","hentry"],"_links":{"self":[{"href":"https:\/\/www.spanishcourses.com.ar\/sitio\/wp-json\/wp\/v2\/pages\/969","targetHints":{"allow":["GET"]}}],"collection":[{"href":"https:\/\/www.spanishcourses.com.ar\/sitio\/wp-json\/wp\/v2\/pages"}],"about":[{"href":"https:\/\/www.spanishcourses.com.ar\/sitio\/wp-json\/wp\/v2\/types\/page"}],"author":[{"embeddable":true,"href":"https:\/\/www.spanishcourses.com.ar\/sitio\/wp-json\/wp\/v2\/users\/1"}],"replies":[{"embeddable":true,"href":"https:\/\/www.spanishcourses.com.ar\/sitio\/wp-json\/wp\/v2\/comments?post=969"}],"version-history":[{"count":12,"href":"https:\/\/www.spanishcourses.com.ar\/sitio\/wp-json\/wp\/v2\/pages\/969\/revisions"}],"predecessor-version":[{"id":1026,"href":"https:\/\/www.spanishcourses.com.ar\/sitio\/wp-json\/wp\/v2\/pages\/969\/revisions\/1026"}],"wp:attachment":[{"href":"https:\/\/www.spanishcourses.com.ar\/sitio\/wp-json\/wp\/v2\/media?parent=969"}],"curies":[{"name":"wp","href":"https:\/\/api.w.org\/{rel}","templated":true}]}}